{"id":1515,"date":"2024-01-14T19:23:51","date_gmt":"2024-01-14T18:23:51","guid":{"rendered":"https:\/\/itremedy.pl\/?page_id=1515"},"modified":"2024-01-14T20:07:11","modified_gmt":"2024-01-14T19:07:11","slug":"doradztwo","status":"publish","type":"page","link":"https:\/\/itremedy.pl\/?page_id=1515","title":{"rendered":"Infrastruktura"},"content":{"rendered":"\t\t<div data-elementor-type=\"wp-page\" data-elementor-id=\"1515\" class=\"elementor elementor-1515\">\n\t\t\t\t<div class=\"elementor-element elementor-element-37dd28b e-flex e-con-boxed e-con e-parent\" data-id=\"37dd28b\" data-element_type=\"container\" data-e-type=\"container\">\n\t\t\t\t\t<div class=\"e-con-inner\">\n\t\t\t\t<div class=\"elementor-element elementor-element-7a4a149 elementor-widget elementor-widget-text-editor\" data-id=\"7a4a149\" data-element_type=\"widget\" data-e-type=\"widget\" data-widget_type=\"text-editor.default\">\n\t\t\t\t<div class=\"elementor-widget-container\">\n\t\t\t\t\t\t\t\t\t<p>Doradztwo w zakupie sprz\u0119tu komputerowego, biurowego i mobilnego obejmuje kompleksow\u0105 analiz\u0119 indywidualnych potrzeb klienta, wskaz\u00f3wki dotycz\u0105ce optymalnego doboru urz\u0105dze\u0144 oraz dostosowane rekomendacje, maj\u0105ce na celu zabezpieczenie efektywnego i sprawnego funkcjonowania technologii w zale\u017cno\u015bci od specyfiki dzia\u0142alno\u015bci.<\/p>\t\t\t\t\t\t\t\t<\/div>\n\t\t\t\t<\/div>\n\t\t\t\t\t<\/div>\n\t\t\t\t<\/div>\n\t\t\t\t<\/div>\n\t\t","protected":false},"excerpt":{"rendered":"<p>Doradztwo w zakupie sprz\u0119tu komputerowego, biurowego i mobilnego obejmuje kompleksow\u0105 analiz\u0119 indywidualnych potrzeb klienta, wskaz\u00f3wki dotycz\u0105ce optymalnego doboru urz\u0105dze\u0144 oraz dostosowane rekomendacje, maj\u0105ce na celu zabezpieczenie efektywnego i sprawnego funkcjonowania technologii w zale\u017cno\u015bci od specyfiki dzia\u0142alno\u015bci.<\/p>\n","protected":false},"author":1,"featured_media":1517,"parent":0,"menu_order":0,"comment_status":"closed","ping_status":"closed","template":"","meta":{"footnotes":""},"class_list":["post-1515","page","type-page","status-publish","has-post-thumbnail","hentry"],"yoast_head":"<!-- This site is optimized with the Yoast SEO plugin v27.4 - https:\/\/yoast.com\/product\/yoast-seo-wordpress\/ -->\n<title>Infrastruktura - ITremedy<\/title>\n<meta name=\"robots\" content=\"index, follow, max-snippet:-1, max-image-preview:large, max-video-preview:-1\" \/>\n<link rel=\"canonical\" href=\"https:\/\/itremedy.pl\/?page_id=1515\" \/>\n<meta property=\"og:locale\" content=\"pl_PL\" \/>\n<meta property=\"og:type\" content=\"article\" \/>\n<meta property=\"og:title\" content=\"Infrastruktura - ITremedy\" \/>\n<meta property=\"og:description\" content=\"Doradztwo w zakupie sprz\u0119tu komputerowego, biurowego i mobilnego obejmuje kompleksow\u0105 analiz\u0119 indywidualnych potrzeb klienta, wskaz\u00f3wki dotycz\u0105ce optymalnego doboru urz\u0105dze\u0144 oraz dostosowane rekomendacje, maj\u0105ce na celu zabezpieczenie efektywnego i sprawnego funkcjonowania technologii w zale\u017cno\u015bci od specyfiki dzia\u0142alno\u015bci.\" \/>\n<meta property=\"og:url\" content=\"https:\/\/itremedy.pl\/?page_id=1515\" \/>\n<meta property=\"og:site_name\" content=\"ITremedy\" \/>\n<meta property=\"article:modified_time\" content=\"2024-01-14T19:07:11+00:00\" \/>\n<meta property=\"og:image\" content=\"https:\/\/itremedy.pl\/wp-content\/uploads\/2024\/01\/doradztwo.jpg\" \/>\n\t<meta property=\"og:image:width\" content=\"969\" \/>\n\t<meta property=\"og:image:height\" content=\"541\" \/>\n\t<meta property=\"og:image:type\" content=\"image\/jpeg\" \/>\n<meta name=\"twitter:card\" content=\"summary_large_image\" \/>\n<script type=\"application\/ld+json\" class=\"yoast-schema-graph\">{\"@context\":\"https:\\\/\\\/schema.org\",\"@graph\":[{\"@type\":\"WebPage\",\"@id\":\"https:\\\/\\\/itremedy.pl\\\/?page_id=1515\",\"url\":\"https:\\\/\\\/itremedy.pl\\\/?page_id=1515\",\"name\":\"Infrastruktura - ITremedy\",\"isPartOf\":{\"@id\":\"https:\\\/\\\/itremedy.pl\\\/#website\"},\"primaryImageOfPage\":{\"@id\":\"https:\\\/\\\/itremedy.pl\\\/?page_id=1515#primaryimage\"},\"image\":{\"@id\":\"https:\\\/\\\/itremedy.pl\\\/?page_id=1515#primaryimage\"},\"thumbnailUrl\":\"https:\\\/\\\/itremedy.pl\\\/wp-content\\\/uploads\\\/2024\\\/01\\\/doradztwo.jpg\",\"datePublished\":\"2024-01-14T18:23:51+00:00\",\"dateModified\":\"2024-01-14T19:07:11+00:00\",\"breadcrumb\":{\"@id\":\"https:\\\/\\\/itremedy.pl\\\/?page_id=1515#breadcrumb\"},\"inLanguage\":\"pl-PL\",\"potentialAction\":[{\"@type\":\"ReadAction\",\"target\":[\"https:\\\/\\\/itremedy.pl\\\/?page_id=1515\"]}]},{\"@type\":\"ImageObject\",\"inLanguage\":\"pl-PL\",\"@id\":\"https:\\\/\\\/itremedy.pl\\\/?page_id=1515#primaryimage\",\"url\":\"https:\\\/\\\/itremedy.pl\\\/wp-content\\\/uploads\\\/2024\\\/01\\\/doradztwo.jpg\",\"contentUrl\":\"https:\\\/\\\/itremedy.pl\\\/wp-content\\\/uploads\\\/2024\\\/01\\\/doradztwo.jpg\",\"width\":969,\"height\":541},{\"@type\":\"BreadcrumbList\",\"@id\":\"https:\\\/\\\/itremedy.pl\\\/?page_id=1515#breadcrumb\",\"itemListElement\":[{\"@type\":\"ListItem\",\"position\":1,\"name\":\"Strona g\u0142\u00f3wna\",\"item\":\"https:\\\/\\\/itremedy.pl\\\/\"},{\"@type\":\"ListItem\",\"position\":2,\"name\":\"Infrastruktura\"}]},{\"@type\":\"WebSite\",\"@id\":\"https:\\\/\\\/itremedy.pl\\\/#website\",\"url\":\"https:\\\/\\\/itremedy.pl\\\/\",\"name\":\"ITremedy\",\"description\":\"Kompleksowa obs\u0142uga informatyczna dla firm \u2013 Toru\u0144 i okolice\",\"publisher\":{\"@id\":\"https:\\\/\\\/itremedy.pl\\\/#organization\"},\"potentialAction\":[{\"@type\":\"SearchAction\",\"target\":{\"@type\":\"EntryPoint\",\"urlTemplate\":\"https:\\\/\\\/itremedy.pl\\\/?s={search_term_string}\"},\"query-input\":{\"@type\":\"PropertyValueSpecification\",\"valueRequired\":true,\"valueName\":\"search_term_string\"}}],\"inLanguage\":\"pl-PL\"},{\"@type\":\"Organization\",\"@id\":\"https:\\\/\\\/itremedy.pl\\\/#organization\",\"name\":\"ITremedy\",\"url\":\"https:\\\/\\\/itremedy.pl\\\/\",\"logo\":{\"@type\":\"ImageObject\",\"inLanguage\":\"pl-PL\",\"@id\":\"https:\\\/\\\/itremedy.pl\\\/#\\\/schema\\\/logo\\\/image\\\/\",\"url\":\"https:\\\/\\\/itremedy.pl\\\/wp-content\\\/uploads\\\/2024\\\/01\\\/cropped-logo-itremedy-2.png\",\"contentUrl\":\"https:\\\/\\\/itremedy.pl\\\/wp-content\\\/uploads\\\/2024\\\/01\\\/cropped-logo-itremedy-2.png\",\"width\":200,\"height\":44,\"caption\":\"ITremedy\"},\"image\":{\"@id\":\"https:\\\/\\\/itremedy.pl\\\/#\\\/schema\\\/logo\\\/image\\\/\"}}]}<\/script>\n<!-- \/ Yoast SEO plugin. -->","yoast_head_json":{"title":"Infrastruktura - ITremedy","robots":{"index":"index","follow":"follow","max-snippet":"max-snippet:-1","max-image-preview":"max-image-preview:large","max-video-preview":"max-video-preview:-1"},"canonical":"https:\/\/itremedy.pl\/?page_id=1515","og_locale":"pl_PL","og_type":"article","og_title":"Infrastruktura - ITremedy","og_description":"Doradztwo w zakupie sprz\u0119tu komputerowego, biurowego i mobilnego obejmuje kompleksow\u0105 analiz\u0119 indywidualnych potrzeb klienta, wskaz\u00f3wki dotycz\u0105ce optymalnego doboru urz\u0105dze\u0144 oraz dostosowane rekomendacje, maj\u0105ce na celu zabezpieczenie efektywnego i sprawnego funkcjonowania technologii w zale\u017cno\u015bci od specyfiki dzia\u0142alno\u015bci.","og_url":"https:\/\/itremedy.pl\/?page_id=1515","og_site_name":"ITremedy","article_modified_time":"2024-01-14T19:07:11+00:00","og_image":[{"width":969,"height":541,"url":"https:\/\/itremedy.pl\/wp-content\/uploads\/2024\/01\/doradztwo.jpg","type":"image\/jpeg"}],"twitter_card":"summary_large_image","schema":{"@context":"https:\/\/schema.org","@graph":[{"@type":"WebPage","@id":"https:\/\/itremedy.pl\/?page_id=1515","url":"https:\/\/itremedy.pl\/?page_id=1515","name":"Infrastruktura - ITremedy","isPartOf":{"@id":"https:\/\/itremedy.pl\/#website"},"primaryImageOfPage":{"@id":"https:\/\/itremedy.pl\/?page_id=1515#primaryimage"},"image":{"@id":"https:\/\/itremedy.pl\/?page_id=1515#primaryimage"},"thumbnailUrl":"https:\/\/itremedy.pl\/wp-content\/uploads\/2024\/01\/doradztwo.jpg","datePublished":"2024-01-14T18:23:51+00:00","dateModified":"2024-01-14T19:07:11+00:00","breadcrumb":{"@id":"https:\/\/itremedy.pl\/?page_id=1515#breadcrumb"},"inLanguage":"pl-PL","potentialAction":[{"@type":"ReadAction","target":["https:\/\/itremedy.pl\/?page_id=1515"]}]},{"@type":"ImageObject","inLanguage":"pl-PL","@id":"https:\/\/itremedy.pl\/?page_id=1515#primaryimage","url":"https:\/\/itremedy.pl\/wp-content\/uploads\/2024\/01\/doradztwo.jpg","contentUrl":"https:\/\/itremedy.pl\/wp-content\/uploads\/2024\/01\/doradztwo.jpg","width":969,"height":541},{"@type":"BreadcrumbList","@id":"https:\/\/itremedy.pl\/?page_id=1515#breadcrumb","itemListElement":[{"@type":"ListItem","position":1,"name":"Strona g\u0142\u00f3wna","item":"https:\/\/itremedy.pl\/"},{"@type":"ListItem","position":2,"name":"Infrastruktura"}]},{"@type":"WebSite","@id":"https:\/\/itremedy.pl\/#website","url":"https:\/\/itremedy.pl\/","name":"ITremedy","description":"Kompleksowa obs\u0142uga informatyczna dla firm \u2013 Toru\u0144 i okolice","publisher":{"@id":"https:\/\/itremedy.pl\/#organization"},"potentialAction":[{"@type":"SearchAction","target":{"@type":"EntryPoint","urlTemplate":"https:\/\/itremedy.pl\/?s={search_term_string}"},"query-input":{"@type":"PropertyValueSpecification","valueRequired":true,"valueName":"search_term_string"}}],"inLanguage":"pl-PL"},{"@type":"Organization","@id":"https:\/\/itremedy.pl\/#organization","name":"ITremedy","url":"https:\/\/itremedy.pl\/","logo":{"@type":"ImageObject","inLanguage":"pl-PL","@id":"https:\/\/itremedy.pl\/#\/schema\/logo\/image\/","url":"https:\/\/itremedy.pl\/wp-content\/uploads\/2024\/01\/cropped-logo-itremedy-2.png","contentUrl":"https:\/\/itremedy.pl\/wp-content\/uploads\/2024\/01\/cropped-logo-itremedy-2.png","width":200,"height":44,"caption":"ITremedy"},"image":{"@id":"https:\/\/itremedy.pl\/#\/schema\/logo\/image\/"}}]}},"_links":{"self":[{"href":"https:\/\/itremedy.pl\/index.php?rest_route=\/wp\/v2\/pages\/1515","targetHints":{"allow":["GET"]}}],"collection":[{"href":"https:\/\/itremedy.pl\/index.php?rest_route=\/wp\/v2\/pages"}],"about":[{"href":"https:\/\/itremedy.pl\/index.php?rest_route=\/wp\/v2\/types\/page"}],"author":[{"embeddable":true,"href":"https:\/\/itremedy.pl\/index.php?rest_route=\/wp\/v2\/users\/1"}],"replies":[{"embeddable":true,"href":"https:\/\/itremedy.pl\/index.php?rest_route=%2Fwp%2Fv2%2Fcomments&post=1515"}],"version-history":[{"count":0,"href":"https:\/\/itremedy.pl\/index.php?rest_route=\/wp\/v2\/pages\/1515\/revisions"}],"wp:featuredmedia":[{"embeddable":true,"href":"https:\/\/itremedy.pl\/index.php?rest_route=\/wp\/v2\/media\/1517"}],"wp:attachment":[{"href":"https:\/\/itremedy.pl\/index.php?rest_route=%2Fwp%2Fv2%2Fmedia&parent=1515"}],"curies":[{"name":"wp","href":"https:\/\/api.w.org\/{rel}","templated":true}]}}